{"id":267,"date":"2020-03-23T15:12:13","date_gmt":"2020-03-23T13:12:13","guid":{"rendered":"https:\/\/pollovaara.fi\/?page_id=267"},"modified":"2020-08-24T17:23:07","modified_gmt":"2020-08-24T14:23:07","slug":"tilat","status":"publish","type":"page","link":"https:\/\/pollovaara.fi\/?page_id=267","title":{"rendered":"TILAT"},"content":{"rendered":"\n<p><\/p>\n\n\n\n<p class=\"has-text-align-center\">P\u00f6ll\u00f6vaara on yli sata vuotta vanha  hirsirakennus, jota on remontoitu vuosien saatossa. Jokaisella lapsella on oma huone\/tilansa, jonka h\u00e4n voi sisustaa mieleisekseen. Talossa on yhteinen ruokailutila sek\u00e4 juhlasali, jossa lapset  voivat halutessaan musisoida. P\u00e4\u00e4rakennusta ymp\u00e4r\u00f6i isot pellot ja kasvimaat, joiden yll\u00e4pitoon lapset perheineen p\u00e4\u00e4sev\u00e4t halutessaan osallistumaan.<\/p>\n\n\n\n<figure class=\"wp-block-gallery columns-3 is-cropped wp-block-gallery-1 is-layout-flex wp-block-gallery-is-layout-flex\"><ul class=\"blocks-gallery-grid\"><li class=\"blocks-gallery-item\"><figure><img loading=\"lazy\" decoding=\"async\" width=\"300\" height=\"200\" src=\"https:\/\/pollovaara.fi\/wp-content\/uploads\/2020\/06\/PO\u0308LLO\u0308VAARA_LIULIIPHOTO_2020-59-300x200.jpg\" alt=\"\" data-id=\"665\" data-full-url=\"https:\/\/pollovaara.fi\/wp-content\/uploads\/2020\/06\/PO\u0308LLO\u0308VAARA_LIULIIPHOTO_2020-59.jpg\" data-link=\"https:\/\/pollovaara.fi\/?attachment_id=665\" class=\"wp-image-665\" srcset=\"https:\/\/pollovaara.fi\/wp-content\/uploads\/2020\/06\/PO\u0308LLO\u0308VAARA_LIULIIPHOTO_2020-59-300x200.jpg 300w, https:\/\/pollovaara.fi\/wp-content\/uploads\/2020\/06\/PO\u0308LLO\u0308VAARA_LIULIIPHOTO_2020-59-1024x682.jpg 1024w, https:\/\/pollovaara.fi\/wp-content\/uploads\/2020\/06\/PO\u0308LLO\u0308VAARA_LIULIIPHOTO_2020-59-768x512.jpg 768w, https:\/\/pollovaara.fi\/wp-content\/uploads\/2020\/06\/PO\u0308LLO\u0308VAARA_LIULIIPHOTO_2020-59-1536x1024.jpg 1536w, https:\/\/pollovaara.fi\/wp-content\/uploads\/2020\/06\/PO\u0308LLO\u0308VAARA_LIULIIPHOTO_2020-59-1140x760.jpg 1140w, https:\/\/pollovaara.fi\/wp-content\/uploads\/2020\/06\/PO\u0308LLO\u0308VAARA_LIULIIPHOTO_2020-59.jpg 2000w\" sizes=\"auto, (max-width: 300px) 100vw, 300px\" \/><\/figure><\/li><li class=\"blocks-gallery-item\"><figure><img loading=\"lazy\" decoding=\"async\" width=\"300\" height=\"208\" src=\"https:\/\/pollovaara.fi\/wp-content\/uploads\/2020\/03\/PO\u0308LLO\u0308VAARA_SISA\u0308_LIULII_2020-130-300x208.jpg\" alt=\"\" data-id=\"142\" data-full-url=\"https:\/\/pollovaara.fi\/wp-content\/uploads\/2020\/03\/PO\u0308LLO\u0308VAARA_SISA\u0308_LIULII_2020-130-scaled.jpg\" data-link=\"https:\/\/pollovaara.fi\/?attachment_id=142\" class=\"wp-image-142\" srcset=\"https:\/\/pollovaara.fi\/wp-content\/uploads\/2020\/03\/PO\u0308LLO\u0308VAARA_SISA\u0308_LIULII_2020-130-300x208.jpg 300w, https:\/\/pollovaara.fi\/wp-content\/uploads\/2020\/03\/PO\u0308LLO\u0308VAARA_SISA\u0308_LIULII_2020-130-1024x711.jpg 1024w, https:\/\/pollovaara.fi\/wp-content\/uploads\/2020\/03\/PO\u0308LLO\u0308VAARA_SISA\u0308_LIULII_2020-130-768x533.jpg 768w, https:\/\/pollovaara.fi\/wp-content\/uploads\/2020\/03\/PO\u0308LLO\u0308VAARA_SISA\u0308_LIULII_2020-130-1536x1066.jpg 1536w, https:\/\/pollovaara.fi\/wp-content\/uploads\/2020\/03\/PO\u0308LLO\u0308VAARA_SISA\u0308_LIULII_2020-130-2048x1422.jpg 2048w\" sizes=\"auto, (max-width: 300px) 100vw, 300px\" \/><\/figure><\/li><li class=\"blocks-gallery-item\"><figure><img loading=\"lazy\" decoding=\"async\" width=\"300\" height=\"200\" src=\"https:\/\/pollovaara.fi\/wp-content\/uploads\/2020\/08\/PO\u0308LLO\u0308VAARA_LIULIIPHOTO_2020-71-300x200.jpg\" alt=\"\" data-id=\"797\" data-full-url=\"https:\/\/pollovaara.fi\/wp-content\/uploads\/2020\/08\/PO\u0308LLO\u0308VAARA_LIULIIPHOTO_2020-71.jpg\" data-link=\"https:\/\/pollovaara.fi\/?attachment_id=797\" class=\"wp-image-797\" srcset=\"https:\/\/pollovaara.fi\/wp-content\/uploads\/2020\/08\/PO\u0308LLO\u0308VAARA_LIULIIPHOTO_2020-71-300x200.jpg 300w, https:\/\/pollovaara.fi\/wp-content\/uploads\/2020\/08\/PO\u0308LLO\u0308VAARA_LIULIIPHOTO_2020-71-1024x682.jpg 1024w, https:\/\/pollovaara.fi\/wp-content\/uploads\/2020\/08\/PO\u0308LLO\u0308VAARA_LIULIIPHOTO_2020-71-768x512.jpg 768w, https:\/\/pollovaara.fi\/wp-content\/uploads\/2020\/08\/PO\u0308LLO\u0308VAARA_LIULIIPHOTO_2020-71-1536x1024.jpg 1536w, https:\/\/pollovaara.fi\/wp-content\/uploads\/2020\/08\/PO\u0308LLO\u0308VAARA_LIULIIPHOTO_2020-71-1140x760.jpg 1140w, https:\/\/pollovaara.fi\/wp-content\/uploads\/2020\/08\/PO\u0308LLO\u0308VAARA_LIULIIPHOTO_2020-71.jpg 2000w\" sizes=\"auto, (max-width: 300px) 100vw, 300px\" \/><\/figure><\/li><li class=\"blocks-gallery-item\"><figure><img loading=\"lazy\" decoding=\"async\" width=\"300\" height=\"200\" src=\"https:\/\/pollovaara.fi\/wp-content\/uploads\/2020\/03\/PO\u0308LLO\u0308VAARA_SISA\u0308_LIULII_2020-57-300x200.jpg\" alt=\"\" data-id=\"69\" data-full-url=\"https:\/\/pollovaara.fi\/wp-content\/uploads\/2020\/03\/PO\u0308LLO\u0308VAARA_SISA\u0308_LIULII_2020-57-scaled.jpg\" data-link=\"https:\/\/pollovaara.fi\/?attachment_id=69\" class=\"wp-image-69\" srcset=\"https:\/\/pollovaara.fi\/wp-content\/uploads\/2020\/03\/PO\u0308LLO\u0308VAARA_SISA\u0308_LIULII_2020-57-300x200.jpg 300w, https:\/\/pollovaara.fi\/wp-content\/uploads\/2020\/03\/PO\u0308LLO\u0308VAARA_SISA\u0308_LIULII_2020-57-1024x683.jpg 1024w, https:\/\/pollovaara.fi\/wp-content\/uploads\/2020\/03\/PO\u0308LLO\u0308VAARA_SISA\u0308_LIULII_2020-57-768x512.jpg 768w, https:\/\/pollovaara.fi\/wp-content\/uploads\/2020\/03\/PO\u0308LLO\u0308VAARA_SISA\u0308_LIULII_2020-57-1536x1024.jpg 1536w, https:\/\/pollovaara.fi\/wp-content\/uploads\/2020\/03\/PO\u0308LLO\u0308VAARA_SISA\u0308_LIULII_2020-57-2048x1365.jpg 2048w\" sizes=\"auto, (max-width: 300px) 100vw, 300px\" \/><\/figure><\/li><li class=\"blocks-gallery-item\"><figure><img loading=\"lazy\" decoding=\"async\" width=\"203\" height=\"300\" src=\"https:\/\/pollovaara.fi\/wp-content\/uploads\/2020\/03\/PO\u0308LLO\u0308VAARA_SISA\u0308_LIULII_2020-121-203x300.jpg\" alt=\"\" data-id=\"133\" data-full-url=\"https:\/\/pollovaara.fi\/wp-content\/uploads\/2020\/03\/PO\u0308LLO\u0308VAARA_SISA\u0308_LIULII_2020-121-scaled.jpg\" data-link=\"https:\/\/pollovaara.fi\/?attachment_id=133\" class=\"wp-image-133\" srcset=\"https:\/\/pollovaara.fi\/wp-content\/uploads\/2020\/03\/PO\u0308LLO\u0308VAARA_SISA\u0308_LIULII_2020-121-203x300.jpg 203w, https:\/\/pollovaara.fi\/wp-content\/uploads\/2020\/03\/PO\u0308LLO\u0308VAARA_SISA\u0308_LIULII_2020-121-694x1024.jpg 694w, https:\/\/pollovaara.fi\/wp-content\/uploads\/2020\/03\/PO\u0308LLO\u0308VAARA_SISA\u0308_LIULII_2020-121-768x1133.jpg 768w, https:\/\/pollovaara.fi\/wp-content\/uploads\/2020\/03\/PO\u0308LLO\u0308VAARA_SISA\u0308_LIULII_2020-121-1041x1536.jpg 1041w, https:\/\/pollovaara.fi\/wp-content\/uploads\/2020\/03\/PO\u0308LLO\u0308VAARA_SISA\u0308_LIULII_2020-121-1388x2048.jpg 1388w, https:\/\/pollovaara.fi\/wp-content\/uploads\/2020\/03\/PO\u0308LLO\u0308VAARA_SISA\u0308_LIULII_2020-121-scaled.jpg 1735w\" sizes=\"auto, (max-width: 203px) 100vw, 203px\" \/><\/figure><\/li><li class=\"blocks-gallery-item\"><figure><img loading=\"lazy\" decoding=\"async\" width=\"200\" height=\"300\" src=\"https:\/\/pollovaara.fi\/wp-content\/uploads\/2020\/03\/PO\u0308LLO\u0308VAARA_SISA\u0308_LIULII_2020-120-200x300.jpg\" alt=\"\" data-id=\"132\" data-full-url=\"https:\/\/pollovaara.fi\/wp-content\/uploads\/2020\/03\/PO\u0308LLO\u0308VAARA_SISA\u0308_LIULII_2020-120-scaled.jpg\" data-link=\"https:\/\/pollovaara.fi\/?attachment_id=132\" class=\"wp-image-132\" srcset=\"https:\/\/pollovaara.fi\/wp-content\/uploads\/2020\/03\/PO\u0308LLO\u0308VAARA_SISA\u0308_LIULII_2020-120-200x300.jpg 200w, https:\/\/pollovaara.fi\/wp-content\/uploads\/2020\/03\/PO\u0308LLO\u0308VAARA_SISA\u0308_LIULII_2020-120-683x1024.jpg 683w, https:\/\/pollovaara.fi\/wp-content\/uploads\/2020\/03\/PO\u0308LLO\u0308VAARA_SISA\u0308_LIULII_2020-120-768x1152.jpg 768w, https:\/\/pollovaara.fi\/wp-content\/uploads\/2020\/03\/PO\u0308LLO\u0308VAARA_SISA\u0308_LIULII_2020-120-1024x1536.jpg 1024w, https:\/\/pollovaara.fi\/wp-content\/uploads\/2020\/03\/PO\u0308LLO\u0308VAARA_SISA\u0308_LIULII_2020-120-1365x2048.jpg 1365w, https:\/\/pollovaara.fi\/wp-content\/uploads\/2020\/03\/PO\u0308LLO\u0308VAARA_SISA\u0308_LIULII_2020-120-scaled.jpg 1707w\" sizes=\"auto, (max-width: 200px) 100vw, 200px\" \/><\/figure><\/li><li class=\"blocks-gallery-item\"><figure><img loading=\"lazy\" decoding=\"async\" width=\"300\" height=\"200\" src=\"https:\/\/pollovaara.fi\/wp-content\/uploads\/2020\/08\/PO\u0308LLO\u0308VAARA_LIULIIPHOTO_2020-31-300x200.jpg\" alt=\"\" data-id=\"757\" data-full-url=\"https:\/\/pollovaara.fi\/wp-content\/uploads\/2020\/08\/PO\u0308LLO\u0308VAARA_LIULIIPHOTO_2020-31.jpg\" data-link=\"https:\/\/pollovaara.fi\/?attachment_id=757\" class=\"wp-image-757\" srcset=\"https:\/\/pollovaara.fi\/wp-content\/uploads\/2020\/08\/PO\u0308LLO\u0308VAARA_LIULIIPHOTO_2020-31-300x200.jpg 300w, https:\/\/pollovaara.fi\/wp-content\/uploads\/2020\/08\/PO\u0308LLO\u0308VAARA_LIULIIPHOTO_2020-31-1024x682.jpg 1024w, https:\/\/pollovaara.fi\/wp-content\/uploads\/2020\/08\/PO\u0308LLO\u0308VAARA_LIULIIPHOTO_2020-31-768x512.jpg 768w, https:\/\/pollovaara.fi\/wp-content\/uploads\/2020\/08\/PO\u0308LLO\u0308VAARA_LIULIIPHOTO_2020-31-1536x1024.jpg 1536w, https:\/\/pollovaara.fi\/wp-content\/uploads\/2020\/08\/PO\u0308LLO\u0308VAARA_LIULIIPHOTO_2020-31-1140x760.jpg 1140w, https:\/\/pollovaara.fi\/wp-content\/uploads\/2020\/08\/PO\u0308LLO\u0308VAARA_LIULIIPHOTO_2020-31.jpg 2000w\" sizes=\"auto, (max-width: 300px) 100vw, 300px\" \/><\/figure><\/li><li class=\"blocks-gallery-item\"><figure><img loading=\"lazy\" decoding=\"async\" width=\"300\" height=\"200\" src=\"https:\/\/pollovaara.fi\/wp-content\/uploads\/2020\/08\/PO\u0308LLO\u0308VAARA_LIULIIPHOTO_2020-47-300x200.jpg\" alt=\"\" data-id=\"773\" data-full-url=\"https:\/\/pollovaara.fi\/wp-content\/uploads\/2020\/08\/PO\u0308LLO\u0308VAARA_LIULIIPHOTO_2020-47.jpg\" data-link=\"https:\/\/pollovaara.fi\/?attachment_id=773\" class=\"wp-image-773\" srcset=\"https:\/\/pollovaara.fi\/wp-content\/uploads\/2020\/08\/PO\u0308LLO\u0308VAARA_LIULIIPHOTO_2020-47-300x200.jpg 300w, https:\/\/pollovaara.fi\/wp-content\/uploads\/2020\/08\/PO\u0308LLO\u0308VAARA_LIULIIPHOTO_2020-47-1024x682.jpg 1024w, https:\/\/pollovaara.fi\/wp-content\/uploads\/2020\/08\/PO\u0308LLO\u0308VAARA_LIULIIPHOTO_2020-47-768x512.jpg 768w, https:\/\/pollovaara.fi\/wp-content\/uploads\/2020\/08\/PO\u0308LLO\u0308VAARA_LIULIIPHOTO_2020-47-1536x1024.jpg 1536w, https:\/\/pollovaara.fi\/wp-content\/uploads\/2020\/08\/PO\u0308LLO\u0308VAARA_LIULIIPHOTO_2020-47-1140x760.jpg 1140w, https:\/\/pollovaara.fi\/wp-content\/uploads\/2020\/08\/PO\u0308LLO\u0308VAARA_LIULIIPHOTO_2020-47.jpg 2000w\" sizes=\"auto, (max-width: 300px) 100vw, 300px\" \/><\/figure><\/li><li class=\"blocks-gallery-item\"><figure><img loading=\"lazy\" decoding=\"async\" width=\"300\" height=\"200\" src=\"https:\/\/pollovaara.fi\/wp-content\/uploads\/2020\/03\/PO\u0308LLO\u0308VAARA_SISA\u0308_LIULII_2020-97-300x200.jpg\" alt=\"\" data-id=\"109\" data-full-url=\"https:\/\/pollovaara.fi\/wp-content\/uploads\/2020\/03\/PO\u0308LLO\u0308VAARA_SISA\u0308_LIULII_2020-97-scaled.jpg\" data-link=\"https:\/\/pollovaara.fi\/?attachment_id=109\" class=\"wp-image-109\" srcset=\"https:\/\/pollovaara.fi\/wp-content\/uploads\/2020\/03\/PO\u0308LLO\u0308VAARA_SISA\u0308_LIULII_2020-97-300x200.jpg 300w, https:\/\/pollovaara.fi\/wp-content\/uploads\/2020\/03\/PO\u0308LLO\u0308VAARA_SISA\u0308_LIULII_2020-97-1024x683.jpg 1024w, https:\/\/pollovaara.fi\/wp-content\/uploads\/2020\/03\/PO\u0308LLO\u0308VAARA_SISA\u0308_LIULII_2020-97-768x512.jpg 768w, https:\/\/pollovaara.fi\/wp-content\/uploads\/2020\/03\/PO\u0308LLO\u0308VAARA_SISA\u0308_LIULII_2020-97-1536x1024.jpg 1536w, https:\/\/pollovaara.fi\/wp-content\/uploads\/2020\/03\/PO\u0308LLO\u0308VAARA_SISA\u0308_LIULII_2020-97-2048x1365.jpg 2048w\" sizes=\"auto, (max-width: 300px) 100vw, 300px\" \/><\/figure><\/li><li class=\"blocks-gallery-item\"><figure><img loading=\"lazy\" decoding=\"async\" width=\"300\" height=\"200\" src=\"https:\/\/pollovaara.fi\/wp-content\/uploads\/2020\/08\/PO\u0308LLO\u0308VAARA_LIULIIPHOTO_2020-120-300x200.jpg\" alt=\"\" data-id=\"846\" data-full-url=\"https:\/\/pollovaara.fi\/wp-content\/uploads\/2020\/08\/PO\u0308LLO\u0308VAARA_LIULIIPHOTO_2020-120.jpg\" data-link=\"https:\/\/pollovaara.fi\/?attachment_id=846\" class=\"wp-image-846\" srcset=\"https:\/\/pollovaara.fi\/wp-content\/uploads\/2020\/08\/PO\u0308LLO\u0308VAARA_LIULIIPHOTO_2020-120-300x200.jpg 300w, https:\/\/pollovaara.fi\/wp-content\/uploads\/2020\/08\/PO\u0308LLO\u0308VAARA_LIULIIPHOTO_2020-120-1024x682.jpg 1024w, https:\/\/pollovaara.fi\/wp-content\/uploads\/2020\/08\/PO\u0308LLO\u0308VAARA_LIULIIPHOTO_2020-120-768x512.jpg 768w, https:\/\/pollovaara.fi\/wp-content\/uploads\/2020\/08\/PO\u0308LLO\u0308VAARA_LIULIIPHOTO_2020-120-1536x1024.jpg 1536w, https:\/\/pollovaara.fi\/wp-content\/uploads\/2020\/08\/PO\u0308LLO\u0308VAARA_LIULIIPHOTO_2020-120-1140x760.jpg 1140w, https:\/\/pollovaara.fi\/wp-content\/uploads\/2020\/08\/PO\u0308LLO\u0308VAARA_LIULIIPHOTO_2020-120.jpg 2000w\" sizes=\"auto, (max-width: 300px) 100vw, 300px\" \/><\/figure><\/li><\/ul><\/figure>\n\n\n\n<p><\/p>\n\n\n\n<blockquote class=\"wp-block-quote is-layout-flow wp-block-quote-is-layout-flow\"><p><\/p><\/blockquote>\n","protected":false},"excerpt":{"rendered":"<p>P\u00f6ll\u00f6vaara on yli sata vuotta vanha hirsirakennus, jota on remontoitu vuosien saatossa. Jokaisella lapsella on oma huone\/tilansa, jonka h\u00e4n voi sisustaa mieleisekseen. Talossa on yhteinen ruokailutila sek\u00e4 juhlasali, jossa lapset voivat halutessaan musisoida. P\u00e4\u00e4rakennusta ymp\u00e4r\u00f6i isot pellot ja kasvimaat, joiden yll\u00e4pitoon lapset perheineen p\u00e4\u00e4sev\u00e4t halutessaan osallistumaan.<\/p>\n","protected":false},"author":1,"featured_media":68,"parent":0,"menu_order":0,"comment_status":"closed","ping_status":"closed","template":"","meta":{"footnotes":""},"class_list":["post-267","page","type-page","status-publish","has-post-thumbnail","hentry"],"_links":{"self":[{"href":"https:\/\/pollovaara.fi\/index.php?rest_route=\/wp\/v2\/pages\/267","targetHints":{"allow":["GET"]}}],"collection":[{"href":"https:\/\/pollovaara.fi\/index.php?rest_route=\/wp\/v2\/pages"}],"about":[{"href":"https:\/\/pollovaara.fi\/index.php?rest_route=\/wp\/v2\/types\/page"}],"author":[{"embeddable":true,"href":"https:\/\/pollovaara.fi\/index.php?rest_route=\/wp\/v2\/users\/1"}],"replies":[{"embeddable":true,"href":"https:\/\/pollovaara.fi\/index.php?rest_route=%2Fwp%2Fv2%2Fcomments&post=267"}],"version-history":[{"count":20,"href":"https:\/\/pollovaara.fi\/index.php?rest_route=\/wp\/v2\/pages\/267\/revisions"}],"predecessor-version":[{"id":940,"href":"https:\/\/pollovaara.fi\/index.php?rest_route=\/wp\/v2\/pages\/267\/revisions\/940"}],"wp:featuredmedia":[{"embeddable":true,"href":"https:\/\/pollovaara.fi\/index.php?rest_route=\/wp\/v2\/media\/68"}],"wp:attachment":[{"href":"https:\/\/pollovaara.fi\/index.php?rest_route=%2Fwp%2Fv2%2Fmedia&parent=267"}],"curies":[{"name":"wp","href":"https:\/\/api.w.org\/{rel}","templated":true}]}}