{"id":538,"date":"2020-05-15T10:24:22","date_gmt":"2020-05-15T07:24:22","guid":{"rendered":"https:\/\/pollovaara.fi\/?page_id=538"},"modified":"2020-08-24T17:28:26","modified_gmt":"2020-08-24T14:28:26","slug":"perheet-osana-pollovaaran-toimintaa","status":"publish","type":"page","link":"https:\/\/pollovaara.fi\/?page_id=538","title":{"rendered":"PERHEET MUKANA MENOSSA"},"content":{"rendered":"\n<p><\/p>\n\n\n\n<p class=\"has-text-align-center\">P\u00f6ll\u00f6vaarassa haluamme tehd\u00e4 ty\u00f6t\u00e4 yhdess\u00e4 lapsen biologisen perheen kanssa.  P\u00f6ll\u00f6vaaran tarkoitus on tukea biologista vanhemmuutta ja kulkea vanhempien rinnalla kasvatusty\u00f6ss\u00e4. <\/p>\n\n\n\n<p class=\"has-text-align-center\">P\u00f6ll\u00f6vaarassa j\u00e4rjestet\u00e4\u00e4n vuosittain useita perhetapahtumia, joihin  lapsen perhe on l\u00e4mpim\u00e4sti tervetullut.  Toivomme ett\u00e4 lapsen perhe ja suku pit\u00e4v\u00e4t lapseen aktiivisesti yhteytt\u00e4. <\/p>\n\n\n\n<p><\/p>\n","protected":false},"excerpt":{"rendered":"<p>P\u00f6ll\u00f6vaarassa haluamme tehd\u00e4 ty\u00f6t\u00e4 yhdess\u00e4 lapsen biologisen perheen kanssa. P\u00f6ll\u00f6vaaran tarkoitus on tukea biologista vanhemmuutta ja kulkea vanhempien rinnalla kasvatusty\u00f6ss\u00e4. P\u00f6ll\u00f6vaarassa j\u00e4rjestet\u00e4\u00e4n vuosittain useita perhetapahtumia, joihin lapsen perhe on l\u00e4mpim\u00e4sti tervetullut. Toivomme ett\u00e4 lapsen perhe ja suku pit\u00e4v\u00e4t lapseen aktiivisesti yhteytt\u00e4.<\/p>\n","protected":false},"author":1,"featured_media":75,"parent":0,"menu_order":0,"comment_status":"closed","ping_status":"closed","template":"","meta":{"footnotes":""},"class_list":["post-538","page","type-page","status-publish","has-post-thumbnail","hentry"],"_links":{"self":[{"href":"https:\/\/pollovaara.fi\/index.php?rest_route=\/wp\/v2\/pages\/538","targetHints":{"allow":["GET"]}}],"collection":[{"href":"https:\/\/pollovaara.fi\/index.php?rest_route=\/wp\/v2\/pages"}],"about":[{"href":"https:\/\/pollovaara.fi\/index.php?rest_route=\/wp\/v2\/types\/page"}],"author":[{"embeddable":true,"href":"https:\/\/pollovaara.fi\/index.php?rest_route=\/wp\/v2\/users\/1"}],"replies":[{"embeddable":true,"href":"https:\/\/pollovaara.fi\/index.php?rest_route=%2Fwp%2Fv2%2Fcomments&post=538"}],"version-history":[{"count":13,"href":"https:\/\/pollovaara.fi\/index.php?rest_route=\/wp\/v2\/pages\/538\/revisions"}],"predecessor-version":[{"id":942,"href":"https:\/\/pollovaara.fi\/index.php?rest_route=\/wp\/v2\/pages\/538\/revisions\/942"}],"wp:featuredmedia":[{"embeddable":true,"href":"https:\/\/pollovaara.fi\/index.php?rest_route=\/wp\/v2\/media\/75"}],"wp:attachment":[{"href":"https:\/\/pollovaara.fi\/index.php?rest_route=%2Fwp%2Fv2%2Fmedia&parent=538"}],"curies":[{"name":"wp","href":"https:\/\/api.w.org\/{rel}","templated":true}]}}