{"id":541,"date":"2020-05-15T10:26:26","date_gmt":"2020-05-15T07:26:26","guid":{"rendered":"https:\/\/pollovaara.fi\/?page_id=541"},"modified":"2020-08-24T17:23:18","modified_gmt":"2020-08-24T14:23:18","slug":"palvelut","status":"publish","type":"page","link":"https:\/\/pollovaara.fi\/?page_id=541","title":{"rendered":"TOIMINTAMALLI"},"content":{"rendered":"\n<p><\/p>\n\n\n\n<p class=\"has-text-align-center\">P\u00f6ll\u00f6vaaran perhekodissa hoidetaan lapsia ja nuoria, joilla on psyykkisi\u00e4 haasteita, kiintymyssuhdeproblematiikkaa, koulunk\u00e4yntiongelmia tai perheen sis\u00e4isi\u00e4 haasteita.<\/p>\n\n\n\n<p class=\"has-text-align-center\">P\u00f6ll\u00f6vaaran arki koostuu s\u00e4\u00e4nn\u00f6llisest\u00e4 struktuurista. Arki pit\u00e4\u00e4 sis\u00e4ll\u00e4\u00e4n oman toiminnan ohjausta, itses\u00e4\u00e4tely\u00e4 ja tunnetaitojen harjoittelua. P\u00f6ll\u00f6vaaran kaiken toiminnan pohjalla on vuorovaikutteinen kiintymysuhdemalli. Ty\u00f6skentelyss\u00e4 lasten ja nuorten kanssa k\u00e4ytet\u00e4\u00e4n DDP- ja Theraplay-elementtej\u00e4. <\/p>\n\n\n\n<p class=\"has-text-align-center\">P\u00f6ll\u00f6vaarassa hy\u00f6dynnet\u00e4\u00e4n my\u00f6s vahvasti dialogisuutta eli keskustelevaa vuorovaikutusta. Keskustelevassa vuorovaikutuksessa nuoren ja h\u00e4nen koko perheens\u00e4 sek\u00e4 muun verkoston kanssa osallisuus kasvaa ja \u00e4\u00e4ni tulee kuulluksi. Dialogisuus lis\u00e4\u00e4 siis osallisuutta, osallisuus taasen lis\u00e4\u00e4 vaikuttavuutta ja hyvinvointia.<\/p>\n\n\n\n<p class=\"has-text-align-center\">  <\/p>\n","protected":false},"excerpt":{"rendered":"<p>P\u00f6ll\u00f6vaaran perhekodissa hoidetaan lapsia ja nuoria, joilla on psyykkisi\u00e4 haasteita, kiintymyssuhdeproblematiikkaa, koulunk\u00e4yntiongelmia tai perheen sis\u00e4isi\u00e4 haasteita. P\u00f6ll\u00f6vaaran arki koostuu s\u00e4\u00e4nn\u00f6llisest\u00e4 struktuurista. Arki pit\u00e4\u00e4 sis\u00e4ll\u00e4\u00e4n oman toiminnan ohjausta, itses\u00e4\u00e4tely\u00e4 ja tunnetaitojen harjoittelua. P\u00f6ll\u00f6vaaran kaiken toiminnan pohjalla on vuorovaikutteinen kiintymysuhdemalli. Ty\u00f6skentelyss\u00e4 lasten ja nuorten kanssa k\u00e4ytet\u00e4\u00e4n DDP- ja Theraplay-elementtej\u00e4. P\u00f6ll\u00f6vaarassa hy\u00f6dynnet\u00e4\u00e4n my\u00f6s vahvasti dialogisuutta eli keskustelevaa vuorovaikutusta. Keskustelevassa vuorovaikutuksessa nuoren ja h\u00e4nen koko perheens\u00e4 sek\u00e4 muun verkoston kanssa osallisuus kasvaa ja \u00e4\u00e4ni tulee kuulluksi. Dialogisuus lis\u00e4\u00e4 siis osallisuutta, osallisuus taasen lis\u00e4\u00e4 vaikuttavuutta ja hyvinvointia.<\/p>\n","protected":false},"author":1,"featured_media":845,"parent":0,"menu_order":0,"comment_status":"closed","ping_status":"closed","template":"","meta":{"footnotes":""},"class_list":["post-541","page","type-page","status-publish","has-post-thumbnail","hentry"],"_links":{"self":[{"href":"https:\/\/pollovaara.fi\/index.php?rest_route=\/wp\/v2\/pages\/541","targetHints":{"allow":["GET"]}}],"collection":[{"href":"https:\/\/pollovaara.fi\/index.php?rest_route=\/wp\/v2\/pages"}],"about":[{"href":"https:\/\/pollovaara.fi\/index.php?rest_route=\/wp\/v2\/types\/page"}],"author":[{"embeddable":true,"href":"https:\/\/pollovaara.fi\/index.php?rest_route=\/wp\/v2\/users\/1"}],"replies":[{"embeddable":true,"href":"https:\/\/pollovaara.fi\/index.php?rest_route=%2Fwp%2Fv2%2Fcomments&post=541"}],"version-history":[{"count":12,"href":"https:\/\/pollovaara.fi\/index.php?rest_route=\/wp\/v2\/pages\/541\/revisions"}],"predecessor-version":[{"id":941,"href":"https:\/\/pollovaara.fi\/index.php?rest_route=\/wp\/v2\/pages\/541\/revisions\/941"}],"wp:featuredmedia":[{"embeddable":true,"href":"https:\/\/pollovaara.fi\/index.php?rest_route=\/wp\/v2\/media\/845"}],"wp:attachment":[{"href":"https:\/\/pollovaara.fi\/index.php?rest_route=%2Fwp%2Fv2%2Fmedia&parent=541"}],"curies":[{"name":"wp","href":"https:\/\/api.w.org\/{rel}","templated":true}]}}