{"id":555,"date":"2020-05-15T11:17:14","date_gmt":"2020-05-15T08:17:14","guid":{"rendered":"https:\/\/pollovaara.fi\/?page_id=555"},"modified":"2020-08-24T12:29:40","modified_gmt":"2020-08-24T09:29:40","slug":"linkkeja","status":"publish","type":"page","link":"https:\/\/pollovaara.fi\/?page_id=555","title":{"rendered":"LINKKEJ\u00c4"},"content":{"rendered":"\n<h3 class=\"has-text-align-center wp-block-heading\"><\/h3>\n\n\n\n<h5 class=\"has-text-align-center wp-block-heading\"><a href=\"https:\/\/www.tampere.fi\/sosiaali-ja-terveyspalvelut\/lapsiperheiden-palvelut\/lastensuojelu\/ilmoitus.html\" data-type=\"URL\" data-id=\"https:\/\/www.tampere.fi\/sosiaali-ja-terveyspalvelut\/lapsiperheiden-palvelut\/lastensuojelu\/ilmoitus.html\" target=\"_blank\" rel=\"noreferrer noopener\">Tampereen kaupungin lastensuojelu<\/a><\/h5>\n\n\n\n<h5 class=\"has-text-align-center wp-block-heading\"><a href=\"https:\/\/www.nokiankaupunki.fi\/sosiaali-ja-terveyspalvelut\/lasten-nuorten-ja-perheiden-palvelut\/lastensuojelu\/\" target=\"_blank\" rel=\"noreferrer noopener\">Nokian kaupunki (lastensuojeluty\u00f6)<\/a><\/h5>\n\n\n\n<h5 class=\"has-text-align-center wp-block-heading\"><a rel=\"noreferrer noopener\" href=\"https:\/\/www.apkl.fi\/\" target=\"_blank\">Ammatillisten Perhekotien Liitto<\/a><\/h5>\n\n\n\n<h5 class=\"has-text-align-center wp-block-heading\"><a rel=\"noreferrer noopener\" href=\"https:\/\/thl.fi\/fi\/web\/lastensuojelun-kasikirja\" target=\"_blank\">THL: Lastensuojelun k\u00e4sikirja<\/a><\/h5>\n\n\n\n<h5 class=\"has-text-align-center wp-block-heading\"><a href=\"https:\/\/www.hankintailmoitukset.fi\/fi\/\" target=\"_blank\" rel=\"noreferrer noopener\">Hilma &#8211; Hankintakilpailutukset<\/a><\/h5>\n\n\n\n<h5 class=\"has-text-align-center wp-block-heading\"><a rel=\"noreferrer noopener\" href=\"https:\/\/verkkokauppa.pesapuu.fi\/?gclid=CjwKCAjw7-P1BRA2EiwAXoPWA9Y5ONfJyphgrLbOuKBh54HTC-wNLaKxHxIF-ik65IX8WXYuIOObTRoCWqAQAvD_BwE\" target=\"_blank\">Pes\u00e4puu &#8211; Lastensuojelun kehitt\u00e4misyksikk\u00f6<\/a><\/h5>\n\n\n\n<p><\/p>\n\n\n\n<p><\/p>\n","protected":false},"excerpt":{"rendered":"<p>Tampereen kaupungin lastensuojelu Nokian kaupunki (lastensuojeluty\u00f6) Ammatillisten Perhekotien Liitto THL: Lastensuojelun k\u00e4sikirja Hilma &#8211; Hankintakilpailutukset Pes\u00e4puu &#8211; Lastensuojelun kehitt\u00e4misyksikk\u00f6<\/p>\n","protected":false},"author":1,"featured_media":36,"parent":0,"menu_order":0,"comment_status":"closed","ping_status":"closed","template":"","meta":{"footnotes":""},"class_list":["post-555","page","type-page","status-publish","has-post-thumbnail","hentry"],"_links":{"self":[{"href":"https:\/\/pollovaara.fi\/index.php?rest_route=\/wp\/v2\/pages\/555","targetHints":{"allow":["GET"]}}],"collection":[{"href":"https:\/\/pollovaara.fi\/index.php?rest_route=\/wp\/v2\/pages"}],"about":[{"href":"https:\/\/pollovaara.fi\/index.php?rest_route=\/wp\/v2\/types\/page"}],"author":[{"embeddable":true,"href":"https:\/\/pollovaara.fi\/index.php?rest_route=\/wp\/v2\/users\/1"}],"replies":[{"embeddable":true,"href":"https:\/\/pollovaara.fi\/index.php?rest_route=%2Fwp%2Fv2%2Fcomments&post=555"}],"version-history":[{"count":18,"href":"https:\/\/pollovaara.fi\/index.php?rest_route=\/wp\/v2\/pages\/555\/revisions"}],"predecessor-version":[{"id":928,"href":"https:\/\/pollovaara.fi\/index.php?rest_route=\/wp\/v2\/pages\/555\/revisions\/928"}],"wp:featuredmedia":[{"embeddable":true,"href":"https:\/\/pollovaara.fi\/index.php?rest_route=\/wp\/v2\/media\/36"}],"wp:attachment":[{"href":"https:\/\/pollovaara.fi\/index.php?rest_route=%2Fwp%2Fv2%2Fmedia&parent=555"}],"curies":[{"name":"wp","href":"https:\/\/api.w.org\/{rel}","templated":true}]}}